{"id":1512,"date":"2019-03-27T21:52:20","date_gmt":"2019-03-27T21:52:20","guid":{"rendered":"http:\/\/fjkmrenneslaval.com\/sp-vfa37\/?page_id=1512"},"modified":"2022-05-06T13:12:21","modified_gmt":"2022-05-06T13:12:21","slug":"fjkm-rennes-laval","status":"publish","type":"page","link":"https:\/\/fjkmrenneslaval.com\/sp-vfa37\/fjkm-rennes-laval\/","title":{"rendered":"FJKM RENNES LAVAL"},"content":{"rendered":"\n<p>Ny Alahady 7 martsa 2010 no nanangana ny \u00ab\u00a0Vondrom-bavaka Rennes Laval\u00a0\u00bb tamin&rsquo;ny fanompoam-pivavahana Pasteure RAFALINIRINA Lalao Ang\u00e8le sy izahay 11 mianadahy tao an-tokantranon&rsquo;i Lova sy Micha\u00eblle RATODIARIVONY mianakavy tao Pont-P\u00e9an.<\/p>\n\n\n\n<div class=\"wp-block-image\"><figure class=\"aligncenter\"><img loading=\"lazy\" decoding=\"async\" width=\"1024\" height=\"768\" src=\"http:\/\/fjkmrenneslaval.com\/wp-content\/uploads\/2019\/03\/FanagananaFJKM-RL7Mars2010PontPean-2-1024x768.jpg\" alt=\"\" class=\"wp-image-1524\" srcset=\"https:\/\/fjkmrenneslaval.com\/wp-content\/uploads\/2019\/03\/FanagananaFJKM-RL7Mars2010PontPean-2-1024x768.jpg 1024w, https:\/\/fjkmrenneslaval.com\/wp-content\/uploads\/2019\/03\/FanagananaFJKM-RL7Mars2010PontPean-2-300x225.jpg 300w, https:\/\/fjkmrenneslaval.com\/wp-content\/uploads\/2019\/03\/FanagananaFJKM-RL7Mars2010PontPean-2-768x576.jpg 768w\" sizes=\"auto, (max-width: 1024px) 100vw, 1024px\" \/><\/figure><\/div>\n\n\n\n<div class=\"wp-block-image\"><figure class=\"aligncenter is-resized\"><img loading=\"lazy\" decoding=\"async\" src=\"http:\/\/fjkmrenneslaval.com\/wp-content\/uploads\/2019\/03\/FanagananaFJKM-RL7Mars2010PontPean-1-1024x768.jpg\" alt=\"\" class=\"wp-image-1523\" width=\"825\" height=\"620\" srcset=\"https:\/\/fjkmrenneslaval.com\/wp-content\/uploads\/2019\/03\/FanagananaFJKM-RL7Mars2010PontPean-1-1024x768.jpg 1024w, https:\/\/fjkmrenneslaval.com\/wp-content\/uploads\/2019\/03\/FanagananaFJKM-RL7Mars2010PontPean-1-300x225.jpg 300w, https:\/\/fjkmrenneslaval.com\/wp-content\/uploads\/2019\/03\/FanagananaFJKM-RL7Mars2010PontPean-1-768x576.jpg 768w\" sizes=\"auto, (max-width: 825px) 100vw, 825px\" \/><\/figure><\/div>\n\n\n\n<p class=\"has-text-align-left\">Ny Alahady 14 oktobra 2012 no notokanana ny \u00ab\u00a0Fiangonana FJKM Rennes Laval\u00a0\u00bb. Ny Fitokanana dia notarihan&rsquo;ny Mpitandrina Rakotonirina Charles, filohan&rsquo;ny Synodamparitany VFA 37, natrehan&rsquo;ny Mpitandrina isany : Pasteure Rafalinirina Lalao Ang\u00e8le, Pasteure Rabearison Hanta Lalasoa, Pasteur Jean D&rsquo;Elinivo Emmanuel, Pasteur Lupon Yorann, ny Biraon&rsquo;ny SP VFA 37, ireo solon-tena isam-piangonana ary ireo vahoakan&rsquo;Andriamanitra marobe.<\/p>\n\n\n\n<div class=\"wp-block-image\"><figure class=\"aligncenter is-resized\"><img loading=\"lazy\" decoding=\"async\" src=\"http:\/\/fjkmrenneslaval.com\/wp-content\/uploads\/2014\/11\/Fitokanana-14-10-2012-41-1024x768.jpg\" alt=\"\" class=\"wp-image-187\" width=\"834\" height=\"627\" srcset=\"https:\/\/fjkmrenneslaval.com\/wp-content\/uploads\/2014\/11\/Fitokanana-14-10-2012-41-1024x768.jpg 1024w, https:\/\/fjkmrenneslaval.com\/wp-content\/uploads\/2014\/11\/Fitokanana-14-10-2012-41-300x225.jpg 300w\" sizes=\"auto, (max-width: 834px) 100vw, 834px\" \/><\/figure><\/div>\n\n\n\n<div class=\"wp-block-image\"><figure class=\"aligncenter\"><img loading=\"lazy\" decoding=\"async\" width=\"1024\" height=\"768\" src=\"http:\/\/fjkmrenneslaval.com\/wp-content\/uploads\/2019\/03\/GateauFitokanana1-1024x768.jpg\" alt=\"\" class=\"wp-image-1530\" srcset=\"https:\/\/fjkmrenneslaval.com\/wp-content\/uploads\/2019\/03\/GateauFitokanana1.jpg 1024w, https:\/\/fjkmrenneslaval.com\/wp-content\/uploads\/2019\/03\/GateauFitokanana1-300x225.jpg 300w, https:\/\/fjkmrenneslaval.com\/wp-content\/uploads\/2019\/03\/GateauFitokanana1-768x576.jpg 768w\" sizes=\"auto, (max-width: 1024px) 100vw, 1024px\" \/><\/figure><\/div>\n\n\n\n<div class=\"wp-block-image\"><figure class=\"aligncenter\"><img loading=\"lazy\" decoding=\"async\" width=\"1024\" height=\"768\" src=\"http:\/\/fjkmrenneslaval.com\/wp-content\/uploads\/2019\/03\/GateauFitokanana-1024x768.jpg\" alt=\"\" class=\"wp-image-1529\" srcset=\"https:\/\/fjkmrenneslaval.com\/wp-content\/uploads\/2019\/03\/GateauFitokanana.jpg 1024w, https:\/\/fjkmrenneslaval.com\/wp-content\/uploads\/2019\/03\/GateauFitokanana-300x225.jpg 300w, https:\/\/fjkmrenneslaval.com\/wp-content\/uploads\/2019\/03\/GateauFitokanana-768x576.jpg 768w\" sizes=\"auto, (max-width: 1024px) 100vw, 1024px\" \/><\/figure><\/div>\n","protected":false},"excerpt":{"rendered":"<p>Ny Alahady 7 martsa 2010 no nanangana ny \u00ab\u00a0Vondrom-bavaka Rennes Laval\u00a0\u00bb tamin&rsquo;ny fanompoam-pivavahana Pasteure RAFALINIRINA Lalao Ang\u00e8le sy izahay 11 mianadahy tao an-tokantranon&rsquo;i Lova sy Micha\u00eblle RATODIARIVONY mianakavy tao Pont-P\u00e9an. Ny Alahady 14 oktobra 2012 no notokanana ny \u00ab\u00a0Fiangonana FJKM Rennes Laval\u00a0\u00bb. Ny Fitokanana dia notarihan&rsquo;ny Mpitandrina Rakotonirina Charles, filohan&rsquo;ny Synodamparitany VFA 37, natrehan&rsquo;ny Mpitandrina [&hellip;]<\/p>\n","protected":false},"author":1,"featured_media":0,"parent":0,"menu_order":0,"comment_status":"closed","ping_status":"closed","template":"","meta":{"footnotes":""},"class_list":["post-1512","page","type-page","status-publish","hentry"],"_links":{"self":[{"href":"https:\/\/fjkmrenneslaval.com\/sp-vfa37\/wp-json\/wp\/v2\/pages\/1512","targetHints":{"allow":["GET"]}}],"collection":[{"href":"https:\/\/fjkmrenneslaval.com\/sp-vfa37\/wp-json\/wp\/v2\/pages"}],"about":[{"href":"https:\/\/fjkmrenneslaval.com\/sp-vfa37\/wp-json\/wp\/v2\/types\/page"}],"author":[{"embeddable":true,"href":"https:\/\/fjkmrenneslaval.com\/sp-vfa37\/wp-json\/wp\/v2\/users\/1"}],"replies":[{"embeddable":true,"href":"https:\/\/fjkmrenneslaval.com\/sp-vfa37\/wp-json\/wp\/v2\/comments?post=1512"}],"version-history":[{"count":15,"href":"https:\/\/fjkmrenneslaval.com\/sp-vfa37\/wp-json\/wp\/v2\/pages\/1512\/revisions"}],"predecessor-version":[{"id":2260,"href":"https:\/\/fjkmrenneslaval.com\/sp-vfa37\/wp-json\/wp\/v2\/pages\/1512\/revisions\/2260"}],"wp:attachment":[{"href":"https:\/\/fjkmrenneslaval.com\/sp-vfa37\/wp-json\/wp\/v2\/media?parent=1512"}],"curies":[{"name":"wp","href":"https:\/\/api.w.org\/{rel}","templated":true}]}}