{"id":1507,"date":"2019-03-27T21:46:51","date_gmt":"2019-03-27T21:46:51","guid":{"rendered":"http:\/\/fjkmrenneslaval.com\/sp-vfa37\/?page_id=1507"},"modified":"2019-03-27T23:37:33","modified_gmt":"2019-03-27T23:37:33","slug":"fjkm","status":"publish","type":"page","link":"https:\/\/fjkmrenneslaval.com\/sp-vfa37\/fjkm\/","title":{"rendered":"FJKM"},"content":{"rendered":"\n<h1 class=\"wp-block-heading\">FJKM Fiangonan\u2019i Jesoa Kristy eto Madagasikara  \/  <br>\u00c9glise de J\u00e9sus Christ \u00e0 Madagascar <\/h1>\n\n\n\n<p>L\u2019\u00c9glise R\u00e9form\u00e9e de Madagascar s\u2019appelle \u00ab\u00a0<strong>F<\/strong>iangonan\u2019i <strong>J<\/strong>esoa <strong>K<\/strong>risty eto <strong>M<\/strong>adagasikara\u00a0\u00bb ou FJKM depuis l\u2019ann\u00e9e 1968 o\u00f9 l\u2019on a unifi\u00e9 les trois \u00c9glises protestantes n\u00e9es des trois mouvements missionnaires protestants provenant de l\u2019Europe au &nbsp;XIX<sup>\u00e8me<\/sup>&nbsp;si\u00e8cle (London Missionary Society, Friends Foreign Missionary, Mission Protestante Fran\u00e7aise ou Soci\u00e9t\u00e9 des Missions de Paris).<\/p>\n","protected":false},"excerpt":{"rendered":"<p>FJKM Fiangonan\u2019i Jesoa Kristy eto Madagasikara \/ \u00c9glise de J\u00e9sus Christ \u00e0 Madagascar L\u2019\u00c9glise R\u00e9form\u00e9e de Madagascar s\u2019appelle \u00ab\u00a0Fiangonan\u2019i Jesoa Kristy eto Madagasikara\u00a0\u00bb ou FJKM depuis l\u2019ann\u00e9e 1968 o\u00f9 l\u2019on a unifi\u00e9 les trois \u00c9glises protestantes n\u00e9es des trois mouvements missionnaires protestants provenant de l\u2019Europe au &nbsp;XIX\u00e8me&nbsp;si\u00e8cle (London Missionary Society, Friends Foreign Missionary, Mission Protestante [&hellip;]<\/p>\n","protected":false},"author":1,"featured_media":0,"parent":0,"menu_order":0,"comment_status":"closed","ping_status":"closed","template":"","meta":{"footnotes":""},"class_list":["post-1507","page","type-page","status-publish","hentry"],"_links":{"self":[{"href":"https:\/\/fjkmrenneslaval.com\/sp-vfa37\/wp-json\/wp\/v2\/pages\/1507","targetHints":{"allow":["GET"]}}],"collection":[{"href":"https:\/\/fjkmrenneslaval.com\/sp-vfa37\/wp-json\/wp\/v2\/pages"}],"about":[{"href":"https:\/\/fjkmrenneslaval.com\/sp-vfa37\/wp-json\/wp\/v2\/types\/page"}],"author":[{"embeddable":true,"href":"https:\/\/fjkmrenneslaval.com\/sp-vfa37\/wp-json\/wp\/v2\/users\/1"}],"replies":[{"embeddable":true,"href":"https:\/\/fjkmrenneslaval.com\/sp-vfa37\/wp-json\/wp\/v2\/comments?post=1507"}],"version-history":[{"count":4,"href":"https:\/\/fjkmrenneslaval.com\/sp-vfa37\/wp-json\/wp\/v2\/pages\/1507\/revisions"}],"predecessor-version":[{"id":1543,"href":"https:\/\/fjkmrenneslaval.com\/sp-vfa37\/wp-json\/wp\/v2\/pages\/1507\/revisions\/1543"}],"wp:attachment":[{"href":"https:\/\/fjkmrenneslaval.com\/sp-vfa37\/wp-json\/wp\/v2\/media?parent=1507"}],"curies":[{"name":"wp","href":"https:\/\/api.w.org\/{rel}","templated":true}]}}