{"id":1492,"date":"2019-03-27T21:24:12","date_gmt":"2019-03-27T21:24:12","guid":{"rendered":"http:\/\/fjkmrenneslaval.com\/sp-vfa37\/?page_id=1492"},"modified":"2019-03-29T11:01:19","modified_gmt":"2019-03-29T11:01:19","slug":"foto-pinoana-fjkm-doctrine","status":"publish","type":"page","link":"https:\/\/fjkmrenneslaval.com\/sp-vfa37\/foto-pinoana-fjkm-doctrine\/","title":{"rendered":"Foto-pinoana FJKM \/ Doctrine"},"content":{"rendered":"\n<h1 class=\"wp-block-heading\">L\u2019\u00c9glise R\u00e9form\u00e9e de Madagascar (FJKM), sa doctrine<\/h1>\n\n\n\n<p>L\u2019\u00c9glise R\u00e9form\u00e9e de Madagascar s\u2019appelle \u00ab<strong>F<\/strong>iangonan\u2019i <strong>J<\/strong>esoa <strong>K<\/strong>risty eto <strong>M<\/strong>adagasikara ou <strong>FJKM<\/strong> (\u00c9glise de J\u00e9sus Christ \u00e0 Madagascar) \u00bb depuis l\u2019ann\u00e9e 1968 o\u00f9 l\u2019on a unifi\u00e9 les trois \u00c9glises protestantes n\u00e9es des trois mouvements missionnaires protestants provenant de l\u2019Europe au  \u00a0XIX<sup>\u00e8me<\/sup> si\u00e8cle (London Missionary Society, Friends Foreign Missionary, Mission Protestante Fran\u00e7aise ou Soci\u00e9t\u00e9 des Missions de Paris).<\/p>\n\n\n\n<p>La FJKM approuve par la Constitution sa FOI :<br>\u2013 en un Dieu unique se faisant conna\u00eetre par la Trinit\u00e9<br>\u2013 en un Dieu, Le Cr\u00e9ateur,<br>\u2013 en un Dieu qui s\u2019incarne en J\u00e9sus Christ,<br>\u2013 que l\u2019Esprit Saint est Dieu,<br>\u2013 \u00e0 la Parole du Seigneur selon la Bible et l\u2019Inspiration du Saint Esprit, <br>\u2013 aux deux Sacrements : Le Bapt\u00eame et la Sainte C\u00e8ne.<\/p>\n\n\n\n<p>\u00c9tant membre de la grande Famille des \u00c9glises R\u00e9form\u00e9es, la FJKM a comme doctrine fondamentale, la Th\u00e9ologie de Jean Calvin ou le Calvinisme.<\/p>\n\n\n\n<p>Cette doctrine se d\u00e9finit par les disciplines suivantes :<\/p>\n\n\n\n<p>A) La Parole du Seigneur : Pr\u00e9dication de l\u2019\u00c9vangile et Enseignement Biblique.<\/p>\n\n\n\n<p>B) La Liturgie R\u00e9form\u00e9e avec les deux Sacrements : Bapt\u00eame et Sainte C\u00e8ne.<\/p>\n\n\n\n<p>C) Le Cat\u00e9chisme o\u00f9 l\u2019on enseigne:<\/p>\n\n\n\n<p>1) la Bible et l\u2019histoire du Salut<br>2) La Confession de foi : le Symbole des Ap\u00f4tres, le Symbole de Nic\u00e9e Constantinople (381), le Symbole de l\u2019Eglise R\u00e9form\u00e9e (XVI<sup>\u00e8me<\/sup> si\u00e8cle), la Confession Biblique.<br>3) La Loi du Seigneur (les Dix Commandements)<br>4) Le Notre P\u00e8re,<br>5) L\u2019histoire de l\u2019\u00c9glise,<\/p>\n\n\n\n<p>D)-Structure et disciplines dans l\u2019\u00c9glise.<\/p>\n\n\n\n<p><em>Pasteur Charles Rakotonirina, Pr\u00e9sident du Synode R\u00e9gional Paris<\/em><\/p>\n","protected":false},"excerpt":{"rendered":"<p>L\u2019\u00c9glise R\u00e9form\u00e9e de Madagascar (FJKM), sa doctrine L\u2019\u00c9glise R\u00e9form\u00e9e de Madagascar s\u2019appelle \u00abFiangonan\u2019i Jesoa Kristy eto Madagasikara ou FJKM (\u00c9glise de J\u00e9sus Christ \u00e0 Madagascar) \u00bb depuis l\u2019ann\u00e9e 1968 o\u00f9 l\u2019on a unifi\u00e9 les trois \u00c9glises protestantes n\u00e9es des trois mouvements missionnaires protestants provenant de l\u2019Europe au \u00a0XIX\u00e8me si\u00e8cle (London Missionary Society, Friends Foreign Missionary, [&hellip;]<\/p>\n","protected":false},"author":1,"featured_media":0,"parent":0,"menu_order":0,"comment_status":"closed","ping_status":"closed","template":"","meta":{"footnotes":""},"class_list":["post-1492","page","type-page","status-publish","hentry"],"_links":{"self":[{"href":"https:\/\/fjkmrenneslaval.com\/sp-vfa37\/wp-json\/wp\/v2\/pages\/1492","targetHints":{"allow":["GET"]}}],"collection":[{"href":"https:\/\/fjkmrenneslaval.com\/sp-vfa37\/wp-json\/wp\/v2\/pages"}],"about":[{"href":"https:\/\/fjkmrenneslaval.com\/sp-vfa37\/wp-json\/wp\/v2\/types\/page"}],"author":[{"embeddable":true,"href":"https:\/\/fjkmrenneslaval.com\/sp-vfa37\/wp-json\/wp\/v2\/users\/1"}],"replies":[{"embeddable":true,"href":"https:\/\/fjkmrenneslaval.com\/sp-vfa37\/wp-json\/wp\/v2\/comments?post=1492"}],"version-history":[{"count":7,"href":"https:\/\/fjkmrenneslaval.com\/sp-vfa37\/wp-json\/wp\/v2\/pages\/1492\/revisions"}],"predecessor-version":[{"id":1557,"href":"https:\/\/fjkmrenneslaval.com\/sp-vfa37\/wp-json\/wp\/v2\/pages\/1492\/revisions\/1557"}],"wp:attachment":[{"href":"https:\/\/fjkmrenneslaval.com\/sp-vfa37\/wp-json\/wp\/v2\/media?parent=1492"}],"curies":[{"name":"wp","href":"https:\/\/api.w.org\/{rel}","templated":true}]}}